{"id":1551,"date":"2024-06-27T09:39:37","date_gmt":"2024-06-27T09:39:37","guid":{"rendered":"https:\/\/gideonsgym.nl\/?page_id=1551"},"modified":"2025-11-13T13:58:25","modified_gmt":"2025-11-13T13:58:25","slug":"huisregels-voorwaarden","status":"publish","type":"page","link":"https:\/\/gideonsgym.nl\/?page_id=1551","title":{"rendered":"Huisregels\/voorwaarden"},"content":{"rendered":"<p><span style=\"color: #ffffff;\"><\/span><\/p>\r\n<p class=\"has-white-color has-text-color has-link-color has-x-large-font-size wp-elements-c19f584086ec2e24614fa7cfd252b31f\"><span style=\"color: #ffffff;\"><strong>Huisregels <\/strong><\/span><\/p>\r\n<p><span style=\"color: #ffffff;\">\r\n\r\n<\/span><\/p>\r\n<figure class=\"wp-block-image size-full\"><span style=\"color: #ffffff;\"><img decoding=\"async\" width=\"540\" height=\"10\" class=\"wp-image-1649\" title=\"\" src=\"https:\/\/gideonsgym.nl\/wp-content\/uploads\/2024\/06\/image-5.png\" alt=\"\" srcset=\"https:\/\/gideonsgym.nl\/wp-content\/uploads\/2024\/06\/image-5.png 540w, https:\/\/gideonsgym.nl\/wp-content\/uploads\/2024\/06\/image-5-300x6.png 300w\" sizes=\"(max-width: 540px) 100vw, 540px\" \/><\/span><\/figure>\r\n<p><span style=\"color: #ffffff;\">\r\n\r\n\r\n\r\n<\/span><\/p>\r\n<p class=\"wp-elements-fd79b7ab34612944e721faf915402260\" data-start=\"217\" data-end=\"489\"><span style=\"color: #ffffff;\">Respect voor je omgeving en de mensen om je heen is zeer belangrijk en vormt de basis van elke vechtsport. Wij verwachten dat alle deelnemers zich tijdens de training houden aan de huisregels. Deze regels zijn opgesteld ter bescherming van jezelf en van andere deelnemers.<\/span><\/p>\r\n<ul data-start=\"491\" data-end=\"2557\">\r\n<li data-start=\"491\" data-end=\"615\">\r\n<p data-start=\"493\" data-end=\"615\"><span style=\"color: #ffffff;\">Deelnemers kunnen zich tot \u00e9\u00e9n dag van tevoren, v\u00f3\u00f3r 12:00 uur, aanmelden voor een training via de <strong data-start=\"592\" data-end=\"612\">Gideon\u2019s Gym-app<\/strong>.<\/span><\/p>\r\n<\/li>\r\n<li data-start=\"616\" data-end=\"697\">\r\n<p data-start=\"618\" data-end=\"697\"><span style=\"color: #ffffff;\">Bij een training met minder dan vier aanmeldingen gaat de training niet door.<\/span><\/p>\r\n<\/li>\r\n<li data-start=\"698\" data-end=\"779\">\r\n<p data-start=\"700\" data-end=\"779\"><span style=\"color: #ffffff;\">Deelnemers dienen tien minuten voor aanvang van de training aanwezig te zijn.<\/span><\/p>\r\n<\/li>\r\n<li data-start=\"780\" data-end=\"903\">\r\n<p data-start=\"782\" data-end=\"903\"><span style=\"color: #ffffff;\">We trainen met blote voeten op de sportvloer. Het is dus ten strengste verboden de sportvloer met schoenen te betreden.<\/span><\/p>\r\n<\/li>\r\n<li data-start=\"904\" data-end=\"1055\">\r\n<p data-start=\"906\" data-end=\"1055\"><span style=\"color: #ffffff;\">Van en naar de sportmatten is schoeisel verplicht. Het is niet toegestaan om op blote voeten te lopen in het bargedeelte in verband met de hygi\u00ebne.<\/span><\/p>\r\n<\/li>\r\n<li data-start=\"1056\" data-end=\"1158\">\r\n<p data-start=\"1058\" data-end=\"1158\"><span style=\"color: #ffffff;\">Deelnemers dienen schone sportkleding (T-shirt en korte broek) en kickboksbenodigdheden te dragen.<\/span><\/p>\r\n<\/li>\r\n<li data-start=\"1159\" data-end=\"1261\">\r\n<p data-start=\"1161\" data-end=\"1261\"><span style=\"color: #ffffff;\">Zorg ervoor dat je fris ruikt (voeten, oksels) en dat je nagels kortgeknipt zijn voor de training.<\/span><\/p>\r\n<\/li>\r\n<li data-start=\"1262\" data-end=\"1407\">\r\n<p data-start=\"1264\" data-end=\"1407\"><span style=\"color: #ffffff;\">De bokshandschoenen en scheenbeschermers van de gym zijn uitsluitend bedoeld voor deelnemers die voor de eerste keer een proefles meedraaien.<\/span><\/p>\r\n<\/li>\r\n<li data-start=\"1408\" data-end=\"1484\">\r\n<p data-start=\"1410\" data-end=\"1484\"><span style=\"color: #ffffff;\">Deelnemers dienen alle sieraden (waaronder piercings) af of uit te doen.<\/span><\/p>\r\n<\/li>\r\n<li data-start=\"1485\" data-end=\"1662\">\r\n<p data-start=\"1487\" data-end=\"1662\"><span style=\"color: #ffffff;\">Blessures en (chronische) aandoeningen, zoals epilepsie, astma of voetschimmel, dienen vooraf aan de instructeur gemeld te worden zodat hiermee rekening kan worden gehouden.<\/span><\/p>\r\n<\/li>\r\n<li data-start=\"1663\" data-end=\"1736\">\r\n<p data-start=\"1665\" data-end=\"1736\"><span style=\"color: #ffffff;\">Gideon\u2019s Gym is niet verantwoordelijk voor het oplopen van blessures.<\/span><\/p>\r\n<\/li>\r\n<li data-start=\"1737\" data-end=\"1805\">\r\n<p data-start=\"1739\" data-end=\"1805\"><span style=\"color: #ffffff;\">Tijdens de uitleg van de instructeur mag er niet gepraat worden.<\/span><\/p>\r\n<\/li>\r\n<li data-start=\"1806\" data-end=\"1892\">\r\n<p data-start=\"1808\" data-end=\"1892\"><span style=\"color: #ffffff;\">Vraag tijdens de training toestemming als je wilt drinken of naar het toilet moet.<\/span><\/p>\r\n<\/li>\r\n<li data-start=\"1893\" data-end=\"2021\">\r\n<p data-start=\"1895\" data-end=\"2021\"><span style=\"color: #ffffff;\">Het is v\u00f3\u00f3r of na de training niet toegestaan om zonder toestemming of begeleiding op de bokszakken te stoten of te trappen.<\/span><\/p>\r\n<\/li>\r\n<li data-start=\"2022\" data-end=\"2136\">\r\n<p data-start=\"2024\" data-end=\"2136\"><span style=\"color: #ffffff;\">Jassen en sporttassen zijn niet toegestaan in de sportruimte en dienen in de kleedkamers te worden opgeborgen.<\/span><\/p>\r\n<\/li>\r\n<li data-start=\"2137\" data-end=\"2193\">\r\n<p data-start=\"2139\" data-end=\"2193\"><span style=\"color: #ffffff;\">Gevonden voorwerpen worden na twee weken verwijderd.<\/span><\/p>\r\n<\/li>\r\n<li data-start=\"2194\" data-end=\"2261\">\r\n<p data-start=\"2196\" data-end=\"2261\"><span style=\"color: #ffffff;\">Laat de dojo, kleedkamers en toiletten netjes en schoon achter.<\/span><\/p>\r\n<\/li>\r\n<li data-start=\"2262\" data-end=\"2323\">\r\n<p data-start=\"2264\" data-end=\"2323\"><span style=\"color: #ffffff;\">Tijdens de training is het niet toegestaan om te vloeken.<\/span><\/p>\r\n<\/li>\r\n<li data-start=\"2324\" data-end=\"2401\">\r\n<p data-start=\"2326\" data-end=\"2401\"><span style=\"color: #ffffff;\">Ongepast of dominant gedrag jegens mededeelnemers wordt niet getolereerd.<\/span><\/p>\r\n<\/li>\r\n<li data-start=\"2402\" data-end=\"2557\">\r\n<p data-start=\"2404\" data-end=\"2557\"><span style=\"color: #ffffff;\">Elke deelnemer die zijn vechtkunsten buiten de trainingen misbruikt, wordt per direct uit het ledenbestand verwijderd en is niet meer welkom in de gym.<\/span><\/p>\r\n<\/li>\r\n<\/ul>\r\n<p><span style=\"color: #ffffff;\">\r\n\r\n<\/span><\/p>\r\n<p class=\"has-white-color has-text-color has-link-color wp-elements-b04db1c953e6cdbf7f2ab13db2c4794e\">\u00a0<\/p>\r\n<p><span style=\"color: #ffffff;\">\r\n\r\n<\/span><\/p>\r\n<h1 class=\"wp-block-heading has-white-color has-text-color has-link-color has-x-large-font-size wp-elements-c0850fd06ef2140477bc8bc40f6f0b69\"><span style=\"color: #ffffff;\">Voorwaarden<\/span><\/h1>\r\n<p><span style=\"color: #ffffff;\">\r\n\r\n<\/span><\/p>\r\n<figure class=\"wp-block-image size-full\"><span style=\"color: #ffffff;\"><img decoding=\"async\" width=\"540\" height=\"10\" class=\"wp-image-1649\" title=\"\" src=\"https:\/\/gideonsgym.nl\/wp-content\/uploads\/2024\/06\/image-5.png\" alt=\"\" srcset=\"https:\/\/gideonsgym.nl\/wp-content\/uploads\/2024\/06\/image-5.png 540w, https:\/\/gideonsgym.nl\/wp-content\/uploads\/2024\/06\/image-5-300x6.png 300w\" sizes=\"(max-width: 540px) 100vw, 540px\" \/><\/span><\/figure>\r\n<p><span style=\"color: #ffffff;\">\r\n\r\n<\/span><\/p>\r\n<p class=\"wp-elements-a60a1e875258ab68331bb23484029543\" data-start=\"2584\" data-end=\"2697\"><span style=\"color: #ffffff;\">Bij het ondertekenen van het inschrijfformulier gaat u akkoord met de voorwaarden en huisregels van Gideon\u2019s Gym.<\/span><\/p>\r\n<ul data-start=\"2699\" data-end=\"4552\">\r\n<li data-start=\"2699\" data-end=\"2932\">\r\n<p data-start=\"2701\" data-end=\"2932\"><span style=\"color: #ffffff;\">Gideon\u2019s Gym hanteert een opzegtermijn van \u00e9\u00e9n maand of \u00e9\u00e9n jaar (afhankelijk van het gekozen abonnement). Het be\u00ebindigen van het abonnement dient per e-mail te worden ingediend (niet via WhatsApp of andere communicatiemiddelen).<\/span><\/p>\r\n<\/li>\r\n<li data-start=\"2933\" data-end=\"3227\">\r\n<p data-start=\"2935\" data-end=\"3227\"><span style=\"color: #ffffff;\">Het abonnement gaat per direct in bij het inleveren van het ondertekende inschrijfformulier. De contributie voor die maand wordt meteen volledig in rekening gebracht. Wanneer je je in de laatste week van de maand inschrijft, worden de lessen na de gratis proefles als losse lessen gerekend.<\/span><\/p>\r\n<\/li>\r\n<li data-start=\"3228\" data-end=\"3324\">\r\n<p data-start=\"3230\" data-end=\"3324\"><span style=\"color: #ffffff;\">Bij inschrijving van een abonnement wordt eenmalig \u20ac10,- inschrijfgeld in rekening gebracht.<\/span><\/p>\r\n<\/li>\r\n<li data-start=\"3325\" data-end=\"3434\">\r\n<p data-start=\"3327\" data-end=\"3434\"><span style=\"color: #ffffff;\">Na inschrijving van een abonnement is de deelnemer verplicht eigen kickboksbenodigdheden aan te schaffen.<\/span><\/p>\r\n<\/li>\r\n<li data-start=\"3435\" data-end=\"3558\">\r\n<p data-start=\"3437\" data-end=\"3558\"><span style=\"color: #ffffff;\">Het lidmaatschapsgeld dient via automatische incasso bij vooruitbetaling v\u00f3\u00f3r de eerste van de maand te worden voldaan.<\/span><\/p>\r\n<\/li>\r\n<li data-start=\"3559\" data-end=\"3636\">\r\n<p data-start=\"3561\" data-end=\"3636\"><span style=\"color: #ffffff;\">Een upgrade of downgrade van het abonnement gaat na \u00e9\u00e9n kalendermaand in.<\/span><\/p>\r\n<\/li>\r\n<li data-start=\"3637\" data-end=\"3782\">\r\n<p data-start=\"3639\" data-end=\"3782\"><span style=\"color: #ffffff;\">Bij voortijdige be\u00ebindiging van een vooruitbetaald abonnement of een 10-rittenkaart wordt het resterende lidmaatschapsgeld niet terugbetaald.<\/span><\/p>\r\n<\/li>\r\n<li data-start=\"3783\" data-end=\"3944\">\r\n<p data-start=\"3785\" data-end=\"3944\"><span style=\"color: #ffffff;\">Een 10-rittenkaart is drie maanden geldig en persoonsgebonden. Na deze periode is de kaart niet meer geldig. De trainingsdata worden op de kaart bijgehouden.<\/span><\/p>\r\n<\/li>\r\n<li data-start=\"3945\" data-end=\"4134\">\r\n<p data-start=\"3947\" data-end=\"4134\"><span style=\"color: #ffffff;\">Indien je binnen 24 uur voorafgaand aan een Personal, Duo of Small Group Training annuleert, behouden wij ons het recht voor het volledige tarief van de training in rekening te brengen.<\/span><\/p>\r\n<\/li>\r\n<li data-start=\"4135\" data-end=\"4307\">\r\n<p data-start=\"4137\" data-end=\"4307\"><span style=\"color: #ffffff;\">In de zomerperiode en in de laatste twee weken van december geldt een aangepast rooster. Het abonnement blijft van kracht, ongeacht deelname aan dit aangepaste rooster.<\/span><\/p>\r\n<\/li>\r\n<li data-start=\"4308\" data-end=\"4354\">\r\n<p data-start=\"4310\" data-end=\"4354\"><span style=\"color: #ffffff;\">Op nationale feestdagen zijn wij gesloten.<\/span><\/p>\r\n<\/li>\r\n<li data-start=\"4355\" data-end=\"4448\">\r\n<p data-start=\"4357\" data-end=\"4448\"><span style=\"color: #ffffff;\">Gideon\u2019s Gym is niet aansprakelijk voor beschadigde of gestolen persoonlijke eigendommen.<\/span><\/p>\r\n<\/li>\r\n<li data-start=\"4449\" data-end=\"4552\">\r\n<p data-start=\"4451\" data-end=\"4552\"><span style=\"color: #ffffff;\">Gideon\u2019s Gym is niet aansprakelijk voor lichamelijk letsel dat tijdens de training wordt opgelopen.<\/span><\/p>\r\n<\/li>\r\n<\/ul>\r\n<p class=\"has-white-color has-text-color has-link-color\">\u00a0<\/p>\r\n<p><span style=\"color: #ffffff;\">\r\n\r\n<\/span><\/p>\r\n<p class=\"has-white-color has-text-color has-link-color wp-elements-b04db1c953e6cdbf7f2ab13db2c4794e\">\u00a0<\/p>\r\n<p><span style=\"color: #ffffff;\"><\/span><\/p>","protected":false},"excerpt":{"rendered":"<p>Huisregels Respect voor je omgeving en de mensen om je heen is zeer belangrijk en vormt de basis van elke vechtsport. Wij verwachten dat alle deelnemers zich tijdens de training houden aan de huisregels. Deze regels zijn opgesteld ter bescherming van jezelf en van andere deelnemers. Deelnemers kunnen zich tot \u00e9\u00e9n dag van tevoren, v\u00f3\u00f3r [&hellip;]<\/p>\n","protected":false},"author":1,"featured_media":0,"parent":0,"menu_order":0,"comment_status":"closed","ping_status":"closed","template":"","meta":{"_joinchat":[],"footnotes":""},"class_list":["post-1551","page","type-page","status-publish","hentry"],"yoast_head":"<!-- This site is optimized with the Yoast SEO plugin v27.5 - https:\/\/yoast.com\/product\/yoast-seo-wordpress\/ -->\n<title>Huisregels\/voorwaarden -<\/title>\n<meta name=\"robots\" content=\"index, follow, max-snippet:-1, max-image-preview:large, max-video-preview:-1\" \/>\n<link rel=\"canonical\" href=\"https:\/\/gideonsgym.nl\/?page_id=1551\" \/>\n<meta property=\"og:locale\" content=\"nl_NL\" \/>\n<meta property=\"og:type\" content=\"article\" \/>\n<meta property=\"og:title\" content=\"Huisregels\/voorwaarden -\" \/>\n<meta property=\"og:description\" content=\"Huisregels Respect voor je omgeving en de mensen om je heen is zeer belangrijk en vormt de basis van elke vechtsport. Wij verwachten dat alle deelnemers zich tijdens de training houden aan de huisregels. Deze regels zijn opgesteld ter bescherming van jezelf en van andere deelnemers. Deelnemers kunnen zich tot \u00e9\u00e9n dag van tevoren, v\u00f3\u00f3r [&hellip;]\" \/>\n<meta property=\"og:url\" content=\"https:\/\/gideonsgym.nl\/?page_id=1551\" \/>\n<meta property=\"article:publisher\" content=\"https:\/\/www.facebook.com\/Kickboxing.Almelo\" \/>\n<meta property=\"article:modified_time\" content=\"2025-11-13T13:58:25+00:00\" \/>\n<meta property=\"og:image\" content=\"https:\/\/gideonsgym.nl\/wp-content\/uploads\/2024\/06\/image-5.png\" \/>\n\t<meta property=\"og:image:width\" content=\"540\" \/>\n\t<meta property=\"og:image:height\" content=\"10\" \/>\n\t<meta property=\"og:image:type\" content=\"image\/png\" \/>\n<meta name=\"twitter:card\" content=\"summary_large_image\" \/>\n<meta name=\"twitter:label1\" content=\"Geschatte leestijd\" \/>\n\t<meta name=\"twitter:data1\" content=\"4 minuten\" \/>\n<script type=\"application\/ld+json\" class=\"yoast-schema-graph\">{\"@context\":\"https:\\\/\\\/schema.org\",\"@graph\":[{\"@type\":\"WebPage\",\"@id\":\"https:\\\/\\\/gideonsgym.nl\\\/?page_id=1551\",\"url\":\"https:\\\/\\\/gideonsgym.nl\\\/?page_id=1551\",\"name\":\"Huisregels\\\/voorwaarden -\",\"isPartOf\":{\"@id\":\"https:\\\/\\\/gideonsgym.nl\\\/#website\"},\"primaryImageOfPage\":{\"@id\":\"https:\\\/\\\/gideonsgym.nl\\\/?page_id=1551#primaryimage\"},\"image\":{\"@id\":\"https:\\\/\\\/gideonsgym.nl\\\/?page_id=1551#primaryimage\"},\"thumbnailUrl\":\"https:\\\/\\\/gideonsgym.nl\\\/wp-content\\\/uploads\\\/2024\\\/06\\\/image-5.png\",\"datePublished\":\"2024-06-27T09:39:37+00:00\",\"dateModified\":\"2025-11-13T13:58:25+00:00\",\"breadcrumb\":{\"@id\":\"https:\\\/\\\/gideonsgym.nl\\\/?page_id=1551#breadcrumb\"},\"inLanguage\":\"nl-NL\",\"potentialAction\":[{\"@type\":\"ReadAction\",\"target\":[\"https:\\\/\\\/gideonsgym.nl\\\/?page_id=1551\"]}]},{\"@type\":\"ImageObject\",\"inLanguage\":\"nl-NL\",\"@id\":\"https:\\\/\\\/gideonsgym.nl\\\/?page_id=1551#primaryimage\",\"url\":\"https:\\\/\\\/gideonsgym.nl\\\/wp-content\\\/uploads\\\/2024\\\/06\\\/image-5.png\",\"contentUrl\":\"https:\\\/\\\/gideonsgym.nl\\\/wp-content\\\/uploads\\\/2024\\\/06\\\/image-5.png\",\"width\":540,\"height\":10},{\"@type\":\"BreadcrumbList\",\"@id\":\"https:\\\/\\\/gideonsgym.nl\\\/?page_id=1551#breadcrumb\",\"itemListElement\":[{\"@type\":\"ListItem\",\"position\":1,\"name\":\"Home\",\"item\":\"https:\\\/\\\/gideonsgym.nl\\\/\"},{\"@type\":\"ListItem\",\"position\":2,\"name\":\"Huisregels\\\/voorwaarden\"}]},{\"@type\":\"WebSite\",\"@id\":\"https:\\\/\\\/gideonsgym.nl\\\/#website\",\"url\":\"https:\\\/\\\/gideonsgym.nl\\\/\",\"name\":\"gideonsgym\",\"description\":\"\",\"publisher\":{\"@id\":\"https:\\\/\\\/gideonsgym.nl\\\/#organization\"},\"potentialAction\":[{\"@type\":\"SearchAction\",\"target\":{\"@type\":\"EntryPoint\",\"urlTemplate\":\"https:\\\/\\\/gideonsgym.nl\\\/?s={search_term_string}\"},\"query-input\":{\"@type\":\"PropertyValueSpecification\",\"valueRequired\":true,\"valueName\":\"search_term_string\"}}],\"inLanguage\":\"nl-NL\"},{\"@type\":\"Organization\",\"@id\":\"https:\\\/\\\/gideonsgym.nl\\\/#organization\",\"name\":\"Gideon's Gym\",\"url\":\"https:\\\/\\\/gideonsgym.nl\\\/\",\"logo\":{\"@type\":\"ImageObject\",\"inLanguage\":\"nl-NL\",\"@id\":\"https:\\\/\\\/gideonsgym.nl\\\/#\\\/schema\\\/logo\\\/image\\\/\",\"url\":\"https:\\\/\\\/gideonsgym.nl\\\/wp-content\\\/uploads\\\/2026\\\/01\\\/cropped-cropped-Gideon.png\",\"contentUrl\":\"https:\\\/\\\/gideonsgym.nl\\\/wp-content\\\/uploads\\\/2026\\\/01\\\/cropped-cropped-Gideon.png\",\"width\":454,\"height\":454,\"caption\":\"Gideon's Gym\"},\"image\":{\"@id\":\"https:\\\/\\\/gideonsgym.nl\\\/#\\\/schema\\\/logo\\\/image\\\/\"},\"sameAs\":[\"https:\\\/\\\/www.facebook.com\\\/Kickboxing.Almelo\"]}]}<\/script>\n<!-- \/ Yoast SEO plugin. -->","yoast_head_json":{"title":"Huisregels\/voorwaarden -","robots":{"index":"index","follow":"follow","max-snippet":"max-snippet:-1","max-image-preview":"max-image-preview:large","max-video-preview":"max-video-preview:-1"},"canonical":"https:\/\/gideonsgym.nl\/?page_id=1551","og_locale":"nl_NL","og_type":"article","og_title":"Huisregels\/voorwaarden -","og_description":"Huisregels Respect voor je omgeving en de mensen om je heen is zeer belangrijk en vormt de basis van elke vechtsport. Wij verwachten dat alle deelnemers zich tijdens de training houden aan de huisregels. Deze regels zijn opgesteld ter bescherming van jezelf en van andere deelnemers. Deelnemers kunnen zich tot \u00e9\u00e9n dag van tevoren, v\u00f3\u00f3r [&hellip;]","og_url":"https:\/\/gideonsgym.nl\/?page_id=1551","article_publisher":"https:\/\/www.facebook.com\/Kickboxing.Almelo","article_modified_time":"2025-11-13T13:58:25+00:00","og_image":[{"width":540,"height":10,"url":"https:\/\/gideonsgym.nl\/wp-content\/uploads\/2024\/06\/image-5.png","type":"image\/png"}],"twitter_card":"summary_large_image","twitter_misc":{"Geschatte leestijd":"4 minuten"},"schema":{"@context":"https:\/\/schema.org","@graph":[{"@type":"WebPage","@id":"https:\/\/gideonsgym.nl\/?page_id=1551","url":"https:\/\/gideonsgym.nl\/?page_id=1551","name":"Huisregels\/voorwaarden -","isPartOf":{"@id":"https:\/\/gideonsgym.nl\/#website"},"primaryImageOfPage":{"@id":"https:\/\/gideonsgym.nl\/?page_id=1551#primaryimage"},"image":{"@id":"https:\/\/gideonsgym.nl\/?page_id=1551#primaryimage"},"thumbnailUrl":"https:\/\/gideonsgym.nl\/wp-content\/uploads\/2024\/06\/image-5.png","datePublished":"2024-06-27T09:39:37+00:00","dateModified":"2025-11-13T13:58:25+00:00","breadcrumb":{"@id":"https:\/\/gideonsgym.nl\/?page_id=1551#breadcrumb"},"inLanguage":"nl-NL","potentialAction":[{"@type":"ReadAction","target":["https:\/\/gideonsgym.nl\/?page_id=1551"]}]},{"@type":"ImageObject","inLanguage":"nl-NL","@id":"https:\/\/gideonsgym.nl\/?page_id=1551#primaryimage","url":"https:\/\/gideonsgym.nl\/wp-content\/uploads\/2024\/06\/image-5.png","contentUrl":"https:\/\/gideonsgym.nl\/wp-content\/uploads\/2024\/06\/image-5.png","width":540,"height":10},{"@type":"BreadcrumbList","@id":"https:\/\/gideonsgym.nl\/?page_id=1551#breadcrumb","itemListElement":[{"@type":"ListItem","position":1,"name":"Home","item":"https:\/\/gideonsgym.nl\/"},{"@type":"ListItem","position":2,"name":"Huisregels\/voorwaarden"}]},{"@type":"WebSite","@id":"https:\/\/gideonsgym.nl\/#website","url":"https:\/\/gideonsgym.nl\/","name":"gideonsgym","description":"","publisher":{"@id":"https:\/\/gideonsgym.nl\/#organization"},"potentialAction":[{"@type":"SearchAction","target":{"@type":"EntryPoint","urlTemplate":"https:\/\/gideonsgym.nl\/?s={search_term_string}"},"query-input":{"@type":"PropertyValueSpecification","valueRequired":true,"valueName":"search_term_string"}}],"inLanguage":"nl-NL"},{"@type":"Organization","@id":"https:\/\/gideonsgym.nl\/#organization","name":"Gideon's Gym","url":"https:\/\/gideonsgym.nl\/","logo":{"@type":"ImageObject","inLanguage":"nl-NL","@id":"https:\/\/gideonsgym.nl\/#\/schema\/logo\/image\/","url":"https:\/\/gideonsgym.nl\/wp-content\/uploads\/2026\/01\/cropped-cropped-Gideon.png","contentUrl":"https:\/\/gideonsgym.nl\/wp-content\/uploads\/2026\/01\/cropped-cropped-Gideon.png","width":454,"height":454,"caption":"Gideon's Gym"},"image":{"@id":"https:\/\/gideonsgym.nl\/#\/schema\/logo\/image\/"},"sameAs":["https:\/\/www.facebook.com\/Kickboxing.Almelo"]}]}},"_links":{"self":[{"href":"https:\/\/gideonsgym.nl\/index.php?rest_route=\/wp\/v2\/pages\/1551","targetHints":{"allow":["GET"]}}],"collection":[{"href":"https:\/\/gideonsgym.nl\/index.php?rest_route=\/wp\/v2\/pages"}],"about":[{"href":"https:\/\/gideonsgym.nl\/index.php?rest_route=\/wp\/v2\/types\/page"}],"author":[{"embeddable":true,"href":"https:\/\/gideonsgym.nl\/index.php?rest_route=\/wp\/v2\/users\/1"}],"replies":[{"embeddable":true,"href":"https:\/\/gideonsgym.nl\/index.php?rest_route=%2Fwp%2Fv2%2Fcomments&post=1551"}],"version-history":[{"count":15,"href":"https:\/\/gideonsgym.nl\/index.php?rest_route=\/wp\/v2\/pages\/1551\/revisions"}],"predecessor-version":[{"id":2319,"href":"https:\/\/gideonsgym.nl\/index.php?rest_route=\/wp\/v2\/pages\/1551\/revisions\/2319"}],"wp:attachment":[{"href":"https:\/\/gideonsgym.nl\/index.php?rest_route=%2Fwp%2Fv2%2Fmedia&parent=1551"}],"curies":[{"name":"wp","href":"https:\/\/api.w.org\/{rel}","templated":true}]}}